{"id":896,"date":"2025-02-21T07:22:03","date_gmt":"2025-02-21T07:22:03","guid":{"rendered":"https:\/\/kaleglobalas.com\/?page_id=896"},"modified":"2025-03-21T08:14:54","modified_gmt":"2025-03-21T08:14:54","slug":"fmcg-ihracati","status":"publish","type":"page","link":"https:\/\/kaleglobalas.com\/tr\/products\/fmcg-ihracati\/","title":{"rendered":"FMCG \u0130HRACATI"},"content":{"rendered":"\t\t<div data-elementor-type=\"post\" data-elementor-id=\"896\" class=\"elementor elementor-896\" data-elementor-settings=\"[]\">\n\t\t\t<div class=\"elementor-inner\">\n\t\t\t\t<div class=\"elementor-section-wrap\">\n\t\t\t\t\t\t\t<section class=\"elementor-element elementor-element-a541cdb elementor-section-full_width elementor-section-height-default elementor-section-height-default elementor-section elementor-top-section\" data-id=\"a541cdb\" data-element_type=\"section\">\n\t\t\t\t\t\t<div class=\"elementor-container elementor-column-gap-default\">\n\t\t\t\t<div class=\"elementor-row\">\n\t\t\t\t<div class=\"elementor-element elementor-element-da95bfb elementor-column elementor-col-100 elementor-top-column\" data-id=\"da95bfb\" data-element_type=\"column\">\n\t\t\t<div class=\"elementor-column-wrap  elementor-element-populated\">\n\t\t\t\t\t<div class=\"elementor-widget-wrap\">\n\t\t\t\t<div class=\"elementor-element elementor-element-ca12eb6 elementor-align-left elementor-widget elementor-widget-bdevs-banner\" data-id=\"ca12eb6\" data-element_type=\"widget\" data-widget_type=\"bdevs-banner.default\">\n\t\t\t\t<div class=\"elementor-widget-container\">\n\t\t\t\t<div class=\"breadcrumb-area about-breadcrumb-bg\" style=\"background-image: url(https:\/\/kaleglobalas.com\/tr\/wp-content\/uploads\/sites\/10\/2025\/03\/kalegb.jpg);\">\n         <div class=\"container\">\n            <div class=\"row\">\n               <div class=\"col-lg-7\">\n                  <div class=\"breadcrumb-txt\">\n                  \t                     <span>\u00dcr\u00fcnler<\/span>\n                                                             <h1>FMCG \u0130HRACATI<\/h1>\n                                                             <nav aria-label=\"breadcrumb\">\n                        <ol class=\"breadcrumb\">\n                           <li class=\"breadcrumb-item\"><a href=\"https:\/\/kaleglobalas.com\/tr\/\">\u00dcr\u00fcnler<\/a><\/li>\n                           <li class=\"breadcrumb-item active\" aria-current=\"page\">FMCG \u0130HRACATI<\/li>\n                        <\/ol>\n                     <\/nav>\n                                      <\/div>\n               <\/div>\n            <\/div>\n         <\/div>\n         <div class=\"breadcrumb-overlay\"><\/div>\n    <\/div>\n\t\t\t<\/div>\n\t\t\t\t<\/div>\n\t\t\t\t\t\t<\/div>\n\t\t\t<\/div>\n\t\t<\/div>\n\t\t\t\t\t\t<\/div>\n\t\t\t<\/div>\n\t\t<\/section>\n\t\t\t\t<section class=\"elementor-element elementor-element-e42e6cf elementor-section-full_width elementor-section-height-default elementor-section-height-default elementor-section elementor-top-section\" data-id=\"e42e6cf\" data-element_type=\"section\">\n\t\t\t\t\t\t<div class=\"elementor-container elementor-column-gap-default\">\n\t\t\t\t<div class=\"elementor-row\">\n\t\t\t\t<div class=\"elementor-element elementor-element-0c272e4 elementor-column elementor-col-100 elementor-top-column\" data-id=\"0c272e4\" data-element_type=\"column\">\n\t\t\t<div class=\"elementor-column-wrap  elementor-element-populated\">\n\t\t\t\t\t<div class=\"elementor-widget-wrap\">\n\t\t\t\t<div class=\"elementor-element elementor-element-2f62bf8 elementor-align-left elementor-widget elementor-widget-bdevs-about\" data-id=\"2f62bf8\" data-element_type=\"widget\" data-widget_type=\"bdevs-about.default\">\n\t\t\t\t<div class=\"elementor-widget-container\">\n\t\t\t\t\t        <div class=\"about-section about-bg\" style=\"background-image: url(https:\/\/kaleglobalas.com\/wp-content\/uploads\/2025\/02\/FMCG-KaleGlobal.jpg);\">\n\t         <div class=\"container\">\n\t            <div class=\"row\">\n\t               <div class=\"col-lg-5\">\n\t                  <img decoding=\"async\" class=\"ceo-pic\" src=\"https:\/\/kaleglobalas.com\/wp-content\/uploads\/2025\/02\/fmcg-kale-global.jpg\" alt=\"\">\n\t               <\/div>\n\t               <div class=\"col-lg-6 offset-lg-1\">\n\t                  <div class=\"comment-content\">\n\t                  \t\t                     <span class=\"title\">\u00dcr\u00fcnler<\/span>\n\t                    \t                    \t                     <h2 class=\"subtitle\">FMCG \u0130HRACATI<\/h2>\n\t                    \t                    \t                     <p class=\"comment\"><p>Kale Global, T\u00fcrkiye'de ve yurtd\u0131\u015f\u0131nda yayg\u0131n olarak sat\u0131lan \u00e7ok \u00e7e\u015fitli \u00fcr\u00fcn ve etiketlerden FMCG mallar\u0131n\u0131n ihracat\u0131yla u\u011fra\u015fmaktad\u0131r.<\/p><p>H\u0131zl\u0131 hareket eden t\u00fcketim mallar\u0131 (FMCG'ler), makul derecede d\u00fc\u015f\u00fck bir maliyetle kolay da\u011f\u0131t\u0131ma sahip \u00fcr\u00fcnler olduklar\u0131 i\u00e7in genellikle t\u00fcketici ambalajl\u0131 mallar olarak adland\u0131r\u0131l\u0131r. Bunlara dondurulmu\u015f g\u0131dalar, at\u0131\u015ft\u0131rmal\u0131klar, meyve sular\u0131, re\u00e7etesiz sat\u0131lan ila\u00e7lar, kozmetikler, tuvalet malzemeleri ve di\u011fer t\u00fcketim mallar\u0131 gibi ev \u00fcr\u00fcnleri dahildir.<\/p><p>Kale Global, FMCG mallar\u0131n\u0131n d\u0131\u015f ticaretinde \u00f6nemli bir uzmanl\u0131\u011fa sahiptir. \u00dcr\u00fcnleri T\u00fcrkiye'den Afrika \u00fclkelerine, Orta Asya \u00fclkelerine ve Orta Do\u011fu \u00fclkelerine ihra\u00e7 ediyoruz. Do\u011fru \u00fcr\u00fcnleri sunmaya ve t\u00fcm \u00fcr\u00fcnlerin m\u00fc\u015fteri taleplerini kar\u015f\u0131layan kalitede olmas\u0131n\u0131 sa\u011flamaya \u00f6zen g\u00f6steriyoruz.<\/p><p>\u00a0<\/p> <\/p>\n\t                    \t                     <div class=\"ceo-details\">\n\t                        <img decoding=\"async\" src=\"\" alt=\"\">\n\t                        \t                        \t                     <\/div>\n\t                  <\/div>\n\t               <\/div>\n\t            <\/div>\n\t         <\/div>\n\t         <div class=\"about-overlay\"><\/div>\n\t     <\/div>\n    \t\t\t\t<\/div>\n\t\t\t\t<\/div>\n\t\t\t\t\t\t<\/div>\n\t\t\t<\/div>\n\t\t<\/div>\n\t\t\t\t\t\t<\/div>\n\t\t\t<\/div>\n\t\t<\/section>\n\t\t\t\t<section class=\"elementor-element elementor-element-d623bea elementor-section-full_width elementor-section-height-default elementor-section-height-default elementor-section elementor-top-section\" data-id=\"d623bea\" data-element_type=\"section\">\n\t\t\t\t\t\t<div class=\"elementor-container elementor-column-gap-default\">\n\t\t\t\t<div class=\"elementor-row\">\n\t\t\t\t<div class=\"elementor-element elementor-element-d244d31 elementor-column elementor-col-100 elementor-top-column\" data-id=\"d244d31\" data-element_type=\"column\">\n\t\t\t<div class=\"elementor-column-wrap  elementor-element-populated\">\n\t\t\t\t\t<div class=\"elementor-widget-wrap\">\n\t\t\t\t<div class=\"elementor-element elementor-element-01a18d1 elementor-align-left elementor-widget elementor-widget-bdevs-features\" data-id=\"01a18d1\" data-element_type=\"widget\" data-widget_type=\"bdevs-features.default\">\n\t\t\t\t<div class=\"elementor-widget-container\">\n\t\t\t\t\t\t      <div class=\"features-section home-2 border-bottom\">\n\t         <div class=\"container\">\n\t            <div class=\"row feature-content\">\n\t               <div class=\"col-xl-5 offset-xl-7 col-lg-6 offset-lg-6 pr-0\">\n\t                  <div class=\"features\">\n\t                    \t                    <span class=\"title\">\u00d6zellikler<\/span>\n\t                 \t\t                    \t                     <h2 class=\"subtitle\">Neden bizi se\u00e7melisiniz\n<\/h2>\n\t                    \t                    <div class=\"feature-lists\">\n\t                     \t\t                        <div class=\"single-feature wow fadeInUp\" data-wow-duration=\"1s\" data-wow-delay=\"0s\">\n\t                           <div class=\"icon-wrapper\">\n\t                           \t\t                           \t\t<i class=\"flaticon-customer-service\"><\/i>\n\t                           \t\t                           <\/div>\n\t                           <div class=\"feature-details\">\n\t                           \t\t                              <h4>24\/7 destek<\/h4>\n\t                            \t                            \t                              <p>Uzman ekibimiz her zaman, her yerde size yard\u0131mc\u0131 olmak i\u00e7in haz\u0131rd\u0131r.\n\n <\/p>\n\t                            \t                           <\/div>\n\t                        <\/div>\n\t                        \t                        <div class=\"single-feature wow fadeInUp\" data-wow-duration=\"1s\" data-wow-delay=\".2s\">\n\t                           <div class=\"icon-wrapper\">\n\t                           \t\t                           \t\t<i class=\"flaticon-email\"><\/i>\n\t                           \t\t                           <\/div>\n\t                           <div class=\"feature-details\">\n\t                           \t\t                              <h4>Zaman\u0131nda Teslimat<\/h4>\n\t                            \t                            \t                              <p>Teslim tarihlerinize uymak i\u00e7in h\u0131zl\u0131 ve g\u00fcvenilir teslimat sa\u011fl\u0131yoruz.\n\n <\/p>\n\t                            \t                           <\/div>\n\t                        <\/div>\n\t                        \t                        <div class=\"single-feature wow fadeInUp\" data-wow-duration=\"1s\" data-wow-delay=\".4s\">\n\t                           <div class=\"icon-wrapper\">\n\t                           \t\t                           \t\t<i class=\"flaticon-worldwide\"><\/i>\n\t                           \t\t                           <\/div>\n\t                           <div class=\"feature-details\">\n\t                           \t\t                              <h4>global servis<\/h4>\n\t                            \t                            \t                              <p>G\u00fc\u00e7l\u00fc uluslararas\u0131 a\u011f\u0131m\u0131zla d\u00fcnyan\u0131n d\u00f6rt bir yan\u0131ndaki i\u015fletmeleri birbirine ba\u011fl\u0131yoruz.\n\n <\/p>\n\t                            \t                           <\/div>\n\t                        <\/div>\n\t                        \t                    <\/div>\n\t                  <\/div>\n\t               <\/div>\n\t            <\/div>\n\t         <\/div>\n\t      <\/div>\n\t      \t\t\t<\/div>\n\t\t\t\t<\/div>\n\t\t\t\t\t\t<\/div>\n\t\t\t<\/div>\n\t\t<\/div>\n\t\t\t\t\t\t<\/div>\n\t\t\t<\/div>\n\t\t<\/section>\n\t\t\t\t<section class=\"elementor-element elementor-element-597cd88 elementor-section-full_width elementor-section-height-default elementor-section-height-default elementor-section elementor-top-section\" data-id=\"597cd88\" data-element_type=\"section\">\n\t\t\t\t\t\t<div class=\"elementor-container elementor-column-gap-default\">\n\t\t\t\t<div class=\"elementor-row\">\n\t\t\t\t<div class=\"elementor-element elementor-element-39e1703 elementor-column elementor-col-100 elementor-top-column\" data-id=\"39e1703\" data-element_type=\"column\">\n\t\t\t<div class=\"elementor-column-wrap  elementor-element-populated\">\n\t\t\t\t\t<div class=\"elementor-widget-wrap\">\n\t\t\t\t<div class=\"elementor-element elementor-element-30bd6f2 elementor-align-left elementor-widget elementor-widget-bdevs-partner\" data-id=\"30bd6f2\" data-element_type=\"widget\" data-widget_type=\"bdevs-partner.default\">\n\t\t\t\t<div class=\"elementor-widget-container\">\n\t\t\t\t\t\t    <div class=\"partner-section\">\n\t         <div class=\"container\">\n\t            <div class=\"row\">\n\t               <div class=\"col-md-12\">\n\t                  <div class=\"partner-carousel owl-carousel owl-theme border-bottom border-top-lg-0 border-top\">\n\t                  \t\t                     <div class=\"single-partner-item\">\n\t                        <div class=\"outer\">\n\t                           <div class=\"inner\">\n\t                              <img decoding=\"async\" src=\"https:\/\/kaleglobalas.com\/tr\/wp-content\/uploads\/sites\/10\/2025\/03\/geyikgrup.png\">\n\t                           <\/div>\n\t                        <\/div>\n\t                     <\/div>\n\t                 \t\t                     <div class=\"single-partner-item\">\n\t                        <div class=\"outer\">\n\t                           <div class=\"inner\">\n\t                              <img decoding=\"async\" src=\"https:\/\/kaleglobalas.com\/tr\/wp-content\/uploads\/sites\/10\/2025\/03\/logo-fatih-beton.png\">\n\t                           <\/div>\n\t                        <\/div>\n\t                     <\/div>\n\t                 \t\t                     <div class=\"single-partner-item\">\n\t                        <div class=\"outer\">\n\t                           <div class=\"inner\">\n\t                              <img decoding=\"async\" src=\"https:\/\/kaleglobalas.com\/tr\/wp-content\/uploads\/sites\/10\/2025\/03\/ARSlogo4-kopya.png\">\n\t                           <\/div>\n\t                        <\/div>\n\t                     <\/div>\n\t                 \t\t                     <div class=\"single-partner-item\">\n\t                        <div class=\"outer\">\n\t                           <div class=\"inner\">\n\t                              <img decoding=\"async\" src=\"https:\/\/kaleglobalas.com\/tr\/wp-content\/uploads\/sites\/10\/2025\/03\/beyaz-arka-plan-tasarim-1.jpg\">\n\t                           <\/div>\n\t                        <\/div>\n\t                     <\/div>\n\t                 \t\t                     <div class=\"single-partner-item\">\n\t                        <div class=\"outer\">\n\t                           <div class=\"inner\">\n\t                              <img decoding=\"async\" src=\"https:\/\/kaleglobalas.com\/tr\/wp-content\/uploads\/sites\/10\/2025\/03\/WhatsApp-Image-2025-03-19-at-10.15.26-3-scaled.jpeg\">\n\t                           <\/div>\n\t                        <\/div>\n\t                     <\/div>\n\t                 \t\t                  <\/div>\n\t               <\/div>\n\t            <\/div>\n\t         <\/div>\n\t    <\/div>\n\t   \t\t\t\t<\/div>\n\t\t\t\t<\/div>\n\t\t\t\t<div class=\"elementor-element elementor-element-f81f96c elementor-align-left elementor-widget elementor-widget-bdevs-cta\" data-id=\"f81f96c\" data-element_type=\"widget\" data-widget_type=\"bdevs-cta.default\">\n\t\t\t\t<div class=\"elementor-widget-container\">\n\t\t\t\t\t\t\t<div class=\"cta-section cta-bg\" style=\"background-image: url(https:\/\/kaleglobalas.com\/tr\/wp-content\/uploads\/sites\/10\/2025\/03\/engineer-walking-in-large-factor-3.jpg);\">\n\t        <div class=\"container\">\n\t            <div class=\"cta-container\">\n\t               <div class=\"row align-items-center\">\n\t                  <div class=\"col-lg-9\">\n\t                  \t\t                     <h2 class=\"mb-lg-0 text-center text-lg-left\">HEDEF\u0130N\u0130ZE %100 G\u00dcVENL\u0130 VE EMN\u0130YETL\u0130 B\u0130R \u015eEK\u0130LDE ULA\u015eIN<\/h2>\n\t                    \t                  <\/div>\n\t                  <div class=\"col-lg-3 text-center text-lg-right\">\n\t                  \t\t                     <a href=\"https:\/\/kaleglobalas.com\/tr\/contact\" class=\"boxed-btn\"><span>\u0130LET\u0130\u015e\u0130M<\/span><\/a>\n\t                    \t                  <\/div>\n\t               <\/div>\n\t            <\/div>\n\t        <\/div>\n\t        <div class=\"cta-overlay\"><\/div>\n\t    <\/div>\n\t    \t\t\t<\/div>\n\t\t\t\t<\/div>\n\t\t\t\t\t\t<\/div>\n\t\t\t<\/div>\n\t\t<\/div>\n\t\t\t\t\t\t<\/div>\n\t\t\t<\/div>\n\t\t<\/section>\n\t\t\t\t\t\t<\/div>\n\t\t\t<\/div>\n\t\t<\/div>\n\t\t","protected":false},"excerpt":{"rendered":"<p>\u00dcr\u00fcnler FMCG \u0130HRACATI \u00dcr\u00fcnler FMCG \u0130HRACATI \u00dcr\u00fcnler FMCG \u0130HRACATI Kale Global, T\u00fcrkiye&#8217;de ve yurtd\u0131\u015f\u0131nda yayg\u0131n olarak sat\u0131lan \u00e7ok \u00e7e\u015fitli \u00fcr\u00fcn ve etiketlerden FMCG mallar\u0131n\u0131n ihracat\u0131yla u\u011fra\u015fmaktad\u0131r.H\u0131zl\u0131 hareket eden t\u00fcketim mallar\u0131 (FMCG&#8217;ler), makul derecede d\u00fc\u015f\u00fck bir maliyetle kolay da\u011f\u0131t\u0131ma sahip \u00fcr\u00fcnler olduklar\u0131 i\u00e7in genellikle t\u00fcketici ambalajl\u0131 mallar olarak adland\u0131r\u0131l\u0131r. Bunlara dondurulmu\u015f g\u0131dalar, at\u0131\u015ft\u0131rmal\u0131klar, meyve sular\u0131, re\u00e7etesiz [&hellip;]<\/p>\n","protected":false},"author":2,"featured_media":0,"parent":835,"menu_order":0,"comment_status":"closed","ping_status":"closed","template":"page-templates\/home-2.php","meta":{"inline_featured_image":false,"_themeisle_gutenberg_block_has_review":false,"footnotes":""},"class_list":["post-896","page","type-page","status-publish","hentry"],"yoast_head":"<!-- This site is optimized with the Yoast SEO plugin v24.4 - https:\/\/yoast.com\/wordpress\/plugins\/seo\/ -->\n<title>KALE GLOBAL A.\u015e | \u0130THALAT - \u0130HRACAT - YATIRIM | - FMCG \u0130HRACATI<\/title>\n<meta name=\"robots\" content=\"index, follow, max-snippet:-1, max-image-preview:large, max-video-preview:-1\" \/>\n<link rel=\"canonical\" href=\"https:\/\/kaleglobalas.com\/tr\/products\/fmcg-ihracati\/\" \/>\n<meta property=\"og:locale\" content=\"en_US\" \/>\n<meta property=\"og:type\" content=\"article\" \/>\n<meta property=\"og:title\" content=\"KALE GLOBAL A.\u015e | \u0130THALAT - \u0130HRACAT - YATIRIM | - FMCG \u0130HRACATI\" \/>\n<meta property=\"og:description\" content=\"\u00dcr\u00fcnler FMCG \u0130HRACATI \u00dcr\u00fcnler FMCG \u0130HRACATI \u00dcr\u00fcnler FMCG \u0130HRACATI Kale Global, T\u00fcrkiye&#8217;de ve yurtd\u0131\u015f\u0131nda yayg\u0131n olarak sat\u0131lan \u00e7ok \u00e7e\u015fitli \u00fcr\u00fcn ve etiketlerden FMCG mallar\u0131n\u0131n ihracat\u0131yla u\u011fra\u015fmaktad\u0131r.H\u0131zl\u0131 hareket eden t\u00fcketim mallar\u0131 (FMCG&#8217;ler), makul derecede d\u00fc\u015f\u00fck bir maliyetle kolay da\u011f\u0131t\u0131ma sahip \u00fcr\u00fcnler olduklar\u0131 i\u00e7in genellikle t\u00fcketici ambalajl\u0131 mallar olarak adland\u0131r\u0131l\u0131r. Bunlara dondurulmu\u015f g\u0131dalar, at\u0131\u015ft\u0131rmal\u0131klar, meyve sular\u0131, re\u00e7etesiz [&hellip;]\" \/>\n<meta property=\"og:url\" content=\"https:\/\/kaleglobalas.com\/tr\/products\/fmcg-ihracati\/\" \/>\n<meta property=\"og:site_name\" content=\"KALE GLOBAL A.\u015e | \u0130THALAT - \u0130HRACAT - YATIRIM |\" \/>\n<meta property=\"article:modified_time\" content=\"2025-03-21T08:14:54+00:00\" \/>\n<meta property=\"og:image\" content=\"https:\/\/kaleglobalas.com\/wp-content\/uploads\/2025\/02\/fmcg-kale-global.jpg\" \/>\n<meta name=\"twitter:card\" content=\"summary_large_image\" \/>\n<meta name=\"twitter:label1\" content=\"Est. reading time\" \/>\n\t<meta name=\"twitter:data1\" content=\"3 minutes\" \/>\n<script type=\"application\/ld+json\" class=\"yoast-schema-graph\">{\"@context\":\"https:\/\/schema.org\",\"@graph\":[{\"@type\":\"WebPage\",\"@id\":\"https:\/\/kaleglobalas.com\/tr\/products\/fmcg-ihracati\/\",\"url\":\"https:\/\/kaleglobalas.com\/tr\/products\/fmcg-ihracati\/\",\"name\":\"KALE GLOBAL A.\u015e | \u0130THALAT - \u0130HRACAT - YATIRIM | - FMCG \u0130HRACATI\",\"isPartOf\":{\"@id\":\"https:\/\/kaleglobalas.com\/tr\/#website\"},\"primaryImageOfPage\":{\"@id\":\"https:\/\/kaleglobalas.com\/tr\/products\/fmcg-ihracati\/#primaryimage\"},\"image\":{\"@id\":\"https:\/\/kaleglobalas.com\/tr\/products\/fmcg-ihracati\/#primaryimage\"},\"thumbnailUrl\":\"https:\/\/kaleglobalas.com\/wp-content\/uploads\/2025\/02\/fmcg-kale-global.jpg\",\"datePublished\":\"2025-02-21T07:22:03+00:00\",\"dateModified\":\"2025-03-21T08:14:54+00:00\",\"breadcrumb\":{\"@id\":\"https:\/\/kaleglobalas.com\/tr\/products\/fmcg-ihracati\/#breadcrumb\"},\"inLanguage\":\"en-US\",\"potentialAction\":[{\"@type\":\"ReadAction\",\"target\":[\"https:\/\/kaleglobalas.com\/tr\/products\/fmcg-ihracati\/\"]}]},{\"@type\":\"ImageObject\",\"inLanguage\":\"en-US\",\"@id\":\"https:\/\/kaleglobalas.com\/tr\/products\/fmcg-ihracati\/#primaryimage\",\"url\":\"https:\/\/kaleglobalas.com\/wp-content\/uploads\/2025\/02\/fmcg-kale-global.jpg\",\"contentUrl\":\"https:\/\/kaleglobalas.com\/wp-content\/uploads\/2025\/02\/fmcg-kale-global.jpg\"},{\"@type\":\"BreadcrumbList\",\"@id\":\"https:\/\/kaleglobalas.com\/tr\/products\/fmcg-ihracati\/#breadcrumb\",\"itemListElement\":[{\"@type\":\"ListItem\",\"position\":1,\"name\":\"Home\",\"item\":\"https:\/\/kaleglobalas.com\/tr\/\"},{\"@type\":\"ListItem\",\"position\":2,\"name\":\"PRODUCTS\",\"item\":\"https:\/\/kaleglobalas.com\/tr\/products\/\"},{\"@type\":\"ListItem\",\"position\":3,\"name\":\"FMCG \u0130HRACATI\"}]},{\"@type\":\"WebSite\",\"@id\":\"https:\/\/kaleglobalas.com\/tr\/#website\",\"url\":\"https:\/\/kaleglobalas.com\/tr\/\",\"name\":\"KALE GLOBAL A.\u015e | \u0130THALAT - \u0130HRACAT - YATIRIM |\",\"description\":\"\",\"potentialAction\":[{\"@type\":\"SearchAction\",\"target\":{\"@type\":\"EntryPoint\",\"urlTemplate\":\"https:\/\/kaleglobalas.com\/tr\/?s={search_term_string}\"},\"query-input\":{\"@type\":\"PropertyValueSpecification\",\"valueRequired\":true,\"valueName\":\"search_term_string\"}}],\"inLanguage\":\"en-US\"}]}<\/script>\n<!-- \/ Yoast SEO plugin. -->","yoast_head_json":{"title":"KALE GLOBAL A.\u015e | \u0130THALAT - \u0130HRACAT - YATIRIM | - FMCG \u0130HRACATI","robots":{"index":"index","follow":"follow","max-snippet":"max-snippet:-1","max-image-preview":"max-image-preview:large","max-video-preview":"max-video-preview:-1"},"canonical":"https:\/\/kaleglobalas.com\/tr\/products\/fmcg-ihracati\/","og_locale":"en_US","og_type":"article","og_title":"KALE GLOBAL A.\u015e | \u0130THALAT - \u0130HRACAT - YATIRIM | - FMCG \u0130HRACATI","og_description":"\u00dcr\u00fcnler FMCG \u0130HRACATI \u00dcr\u00fcnler FMCG \u0130HRACATI \u00dcr\u00fcnler FMCG \u0130HRACATI Kale Global, T\u00fcrkiye&#8217;de ve yurtd\u0131\u015f\u0131nda yayg\u0131n olarak sat\u0131lan \u00e7ok \u00e7e\u015fitli \u00fcr\u00fcn ve etiketlerden FMCG mallar\u0131n\u0131n ihracat\u0131yla u\u011fra\u015fmaktad\u0131r.H\u0131zl\u0131 hareket eden t\u00fcketim mallar\u0131 (FMCG&#8217;ler), makul derecede d\u00fc\u015f\u00fck bir maliyetle kolay da\u011f\u0131t\u0131ma sahip \u00fcr\u00fcnler olduklar\u0131 i\u00e7in genellikle t\u00fcketici ambalajl\u0131 mallar olarak adland\u0131r\u0131l\u0131r. Bunlara dondurulmu\u015f g\u0131dalar, at\u0131\u015ft\u0131rmal\u0131klar, meyve sular\u0131, re\u00e7etesiz [&hellip;]","og_url":"https:\/\/kaleglobalas.com\/tr\/products\/fmcg-ihracati\/","og_site_name":"KALE GLOBAL A.\u015e | \u0130THALAT - \u0130HRACAT - YATIRIM |","article_modified_time":"2025-03-21T08:14:54+00:00","og_image":[{"url":"https:\/\/kaleglobalas.com\/wp-content\/uploads\/2025\/02\/fmcg-kale-global.jpg","type":"","width":"","height":""}],"twitter_card":"summary_large_image","twitter_misc":{"Est. reading time":"3 minutes"},"schema":{"@context":"https:\/\/schema.org","@graph":[{"@type":"WebPage","@id":"https:\/\/kaleglobalas.com\/tr\/products\/fmcg-ihracati\/","url":"https:\/\/kaleglobalas.com\/tr\/products\/fmcg-ihracati\/","name":"KALE GLOBAL A.\u015e | \u0130THALAT - \u0130HRACAT - YATIRIM | - FMCG \u0130HRACATI","isPartOf":{"@id":"https:\/\/kaleglobalas.com\/tr\/#website"},"primaryImageOfPage":{"@id":"https:\/\/kaleglobalas.com\/tr\/products\/fmcg-ihracati\/#primaryimage"},"image":{"@id":"https:\/\/kaleglobalas.com\/tr\/products\/fmcg-ihracati\/#primaryimage"},"thumbnailUrl":"https:\/\/kaleglobalas.com\/wp-content\/uploads\/2025\/02\/fmcg-kale-global.jpg","datePublished":"2025-02-21T07:22:03+00:00","dateModified":"2025-03-21T08:14:54+00:00","breadcrumb":{"@id":"https:\/\/kaleglobalas.com\/tr\/products\/fmcg-ihracati\/#breadcrumb"},"inLanguage":"en-US","potentialAction":[{"@type":"ReadAction","target":["https:\/\/kaleglobalas.com\/tr\/products\/fmcg-ihracati\/"]}]},{"@type":"ImageObject","inLanguage":"en-US","@id":"https:\/\/kaleglobalas.com\/tr\/products\/fmcg-ihracati\/#primaryimage","url":"https:\/\/kaleglobalas.com\/wp-content\/uploads\/2025\/02\/fmcg-kale-global.jpg","contentUrl":"https:\/\/kaleglobalas.com\/wp-content\/uploads\/2025\/02\/fmcg-kale-global.jpg"},{"@type":"BreadcrumbList","@id":"https:\/\/kaleglobalas.com\/tr\/products\/fmcg-ihracati\/#breadcrumb","itemListElement":[{"@type":"ListItem","position":1,"name":"Home","item":"https:\/\/kaleglobalas.com\/tr\/"},{"@type":"ListItem","position":2,"name":"PRODUCTS","item":"https:\/\/kaleglobalas.com\/tr\/products\/"},{"@type":"ListItem","position":3,"name":"FMCG \u0130HRACATI"}]},{"@type":"WebSite","@id":"https:\/\/kaleglobalas.com\/tr\/#website","url":"https:\/\/kaleglobalas.com\/tr\/","name":"KALE GLOBAL A.\u015e | \u0130THALAT - \u0130HRACAT - YATIRIM |","description":"","potentialAction":[{"@type":"SearchAction","target":{"@type":"EntryPoint","urlTemplate":"https:\/\/kaleglobalas.com\/tr\/?s={search_term_string}"},"query-input":{"@type":"PropertyValueSpecification","valueRequired":true,"valueName":"search_term_string"}}],"inLanguage":"en-US"}]}},"_links":{"self":[{"href":"https:\/\/kaleglobalas.com\/tr\/wp-json\/wp\/v2\/pages\/896","targetHints":{"allow":["GET"]}}],"collection":[{"href":"https:\/\/kaleglobalas.com\/tr\/wp-json\/wp\/v2\/pages"}],"about":[{"href":"https:\/\/kaleglobalas.com\/tr\/wp-json\/wp\/v2\/types\/page"}],"author":[{"embeddable":true,"href":"https:\/\/kaleglobalas.com\/tr\/wp-json\/wp\/v2\/users\/2"}],"replies":[{"embeddable":true,"href":"https:\/\/kaleglobalas.com\/tr\/wp-json\/wp\/v2\/comments?post=896"}],"version-history":[{"count":9,"href":"https:\/\/kaleglobalas.com\/tr\/wp-json\/wp\/v2\/pages\/896\/revisions"}],"predecessor-version":[{"id":2777,"href":"https:\/\/kaleglobalas.com\/tr\/wp-json\/wp\/v2\/pages\/896\/revisions\/2777"}],"up":[{"embeddable":true,"href":"https:\/\/kaleglobalas.com\/tr\/wp-json\/wp\/v2\/pages\/835"}],"wp:attachment":[{"href":"https:\/\/kaleglobalas.com\/tr\/wp-json\/wp\/v2\/media?parent=896"}],"curies":[{"name":"wp","href":"https:\/\/api.w.org\/{rel}","templated":true}]}}