{"id":843,"date":"2025-02-20T08:10:52","date_gmt":"2025-02-20T08:10:52","guid":{"rendered":"https:\/\/kaleglobalas.com\/?page_id=843"},"modified":"2025-03-21T08:10:39","modified_gmt":"2025-03-21T08:10:39","slug":"gida","status":"publish","type":"page","link":"https:\/\/kaleglobalas.com\/tr\/products\/gida\/","title":{"rendered":"GIDA"},"content":{"rendered":"\t\t<div data-elementor-type=\"post\" data-elementor-id=\"843\" class=\"elementor elementor-843\" data-elementor-settings=\"[]\">\n\t\t\t<div class=\"elementor-inner\">\n\t\t\t\t<div class=\"elementor-section-wrap\">\n\t\t\t\t\t\t\t<section class=\"elementor-element elementor-element-a541cdb elementor-section-full_width elementor-section-height-default elementor-section-height-default elementor-section elementor-top-section\" data-id=\"a541cdb\" data-element_type=\"section\">\n\t\t\t\t\t\t<div class=\"elementor-container elementor-column-gap-default\">\n\t\t\t\t<div class=\"elementor-row\">\n\t\t\t\t<div class=\"elementor-element elementor-element-da95bfb elementor-column elementor-col-100 elementor-top-column\" data-id=\"da95bfb\" data-element_type=\"column\">\n\t\t\t<div class=\"elementor-column-wrap  elementor-element-populated\">\n\t\t\t\t\t<div class=\"elementor-widget-wrap\">\n\t\t\t\t<div class=\"elementor-element elementor-element-ca12eb6 elementor-align-left elementor-widget elementor-widget-bdevs-banner\" data-id=\"ca12eb6\" data-element_type=\"widget\" data-widget_type=\"bdevs-banner.default\">\n\t\t\t\t<div class=\"elementor-widget-container\">\n\t\t\t\t<div class=\"breadcrumb-area about-breadcrumb-bg\" style=\"background-image: url(https:\/\/kaleglobalas.com\/tr\/wp-content\/uploads\/sites\/10\/2025\/03\/kalegb.jpg);\">\n         <div class=\"container\">\n            <div class=\"row\">\n               <div class=\"col-lg-7\">\n                  <div class=\"breadcrumb-txt\">\n                  \t                     <span>\u00dcR\u00dcNLER<\/span>\n                                                             <h1>G\u0131da<\/h1>\n                                                             <nav aria-label=\"breadcrumb\">\n                        <ol class=\"breadcrumb\">\n                           <li class=\"breadcrumb-item\"><a href=\"https:\/\/kaleglobalas.com\/tr\/\">\u00dcr\u00fcnler<\/a><\/li>\n                           <li class=\"breadcrumb-item active\" aria-current=\"page\">G\u0131da<\/li>\n                        <\/ol>\n                     <\/nav>\n                                      <\/div>\n               <\/div>\n            <\/div>\n         <\/div>\n         <div class=\"breadcrumb-overlay\"><\/div>\n    <\/div>\n\t\t\t<\/div>\n\t\t\t\t<\/div>\n\t\t\t\t\t\t<\/div>\n\t\t\t<\/div>\n\t\t<\/div>\n\t\t\t\t\t\t<\/div>\n\t\t\t<\/div>\n\t\t<\/section>\n\t\t\t\t<section class=\"elementor-element elementor-element-e42e6cf elementor-section-full_width elementor-section-height-default elementor-section-height-default elementor-section elementor-top-section\" data-id=\"e42e6cf\" data-element_type=\"section\">\n\t\t\t\t\t\t<div class=\"elementor-container elementor-column-gap-default\">\n\t\t\t\t<div class=\"elementor-row\">\n\t\t\t\t<div class=\"elementor-element elementor-element-0c272e4 elementor-column elementor-col-100 elementor-top-column\" data-id=\"0c272e4\" data-element_type=\"column\">\n\t\t\t<div class=\"elementor-column-wrap  elementor-element-populated\">\n\t\t\t\t\t<div class=\"elementor-widget-wrap\">\n\t\t\t\t<div class=\"elementor-element elementor-element-2f62bf8 elementor-align-left elementor-widget elementor-widget-bdevs-about\" data-id=\"2f62bf8\" data-element_type=\"widget\" data-widget_type=\"bdevs-about.default\">\n\t\t\t\t<div class=\"elementor-widget-container\">\n\t\t\t\t\t        <div class=\"about-section about-bg\" style=\"background-image: url(https:\/\/kaleglobalas.com\/tr\/wp-content\/uploads\/sites\/10\/2025\/03\/gida-arkaplan.jpeg);\">\n\t         <div class=\"container\">\n\t            <div class=\"row\">\n\t               <div class=\"col-lg-5\">\n\t                  <img decoding=\"async\" class=\"ceo-pic\" src=\"https:\/\/kaleglobalas.com\/tr\/wp-content\/uploads\/sites\/10\/2025\/03\/makarna1.jpg\" alt=\"\">\n\t               <\/div>\n\t               <div class=\"col-lg-6 offset-lg-1\">\n\t                  <div class=\"comment-content\">\n\t                  \t\t                     <span class=\"title\">\u00dcr\u00fcnler<\/span>\n\t                    \t                    \t                     <h2 class=\"subtitle\">GIDA<\/h2>\n\t                    \t                    \t                     <p class=\"comment\"><p>Kale Global, ay\u00e7i\u00e7ek ya\u011f\u0131, makarna, unlu mamuller grubu, meyve suyu ihracat\u0131 ve kahve ithalat\u0131nda kalite ve fiyat avantaj\u0131n\u0131 en etkili \u015fekilde kullanan \u015firketlerden biridir.<\/p> <\/p>\n\t                    \t                     <div class=\"ceo-details\">\n\t                        <img decoding=\"async\" src=\"\" alt=\"\">\n\t                        \t                        \t                     <\/div>\n\t                  <\/div>\n\t               <\/div>\n\t            <\/div>\n\t         <\/div>\n\t         <div class=\"about-overlay\"><\/div>\n\t     <\/div>\n    \t\t\t\t<\/div>\n\t\t\t\t<\/div>\n\t\t\t\t\t\t<\/div>\n\t\t\t<\/div>\n\t\t<\/div>\n\t\t\t\t\t\t<\/div>\n\t\t\t<\/div>\n\t\t<\/section>\n\t\t\t\t<section class=\"elementor-element elementor-element-d623bea elementor-section-full_width elementor-section-height-default elementor-section-height-default elementor-section elementor-top-section\" data-id=\"d623bea\" data-element_type=\"section\">\n\t\t\t\t\t\t<div class=\"elementor-container elementor-column-gap-default\">\n\t\t\t\t<div class=\"elementor-row\">\n\t\t\t\t<div class=\"elementor-element elementor-element-d244d31 elementor-column elementor-col-100 elementor-top-column\" data-id=\"d244d31\" data-element_type=\"column\">\n\t\t\t<div class=\"elementor-column-wrap  elementor-element-populated\">\n\t\t\t\t\t<div class=\"elementor-widget-wrap\">\n\t\t\t\t<div class=\"elementor-element elementor-element-01a18d1 elementor-align-left elementor-widget elementor-widget-bdevs-features\" data-id=\"01a18d1\" data-element_type=\"widget\" data-widget_type=\"bdevs-features.default\">\n\t\t\t\t<div class=\"elementor-widget-container\">\n\t\t\t\t\t\t      <div class=\"features-section home-2 border-bottom\">\n\t         <div class=\"container\">\n\t            <div class=\"row feature-content\">\n\t               <div class=\"col-xl-5 offset-xl-7 col-lg-6 offset-lg-6 pr-0\">\n\t                  <div class=\"features\">\n\t                    \t                    \t                     <h2 class=\"subtitle\">Neden bizi se\u00e7melisiniz\n<\/h2>\n\t                    \t                    <div class=\"feature-lists\">\n\t                     \t\t                        <div class=\"single-feature wow fadeInUp\" data-wow-duration=\"1s\" data-wow-delay=\"0s\">\n\t                           <div class=\"icon-wrapper\">\n\t                           \t\t                           \t\t<i class=\"flaticon-customer-service\"><\/i>\n\t                           \t\t                           <\/div>\n\t                           <div class=\"feature-details\">\n\t                           \t\t                              <h4>24\/7 Destek<\/h4>\n\t                            \t                            \t                              <p>Uzman ekibimiz her zaman, her yerde size yard\u0131mc\u0131 olmak i\u00e7in haz\u0131rd\u0131r.\n\n <\/p>\n\t                            \t                           <\/div>\n\t                        <\/div>\n\t                        \t                        <div class=\"single-feature wow fadeInUp\" data-wow-duration=\"1s\" data-wow-delay=\".2s\">\n\t                           <div class=\"icon-wrapper\">\n\t                           \t\t                           \t\t<i class=\"flaticon-email\"><\/i>\n\t                           \t\t                           <\/div>\n\t                           <div class=\"feature-details\">\n\t                           \t\t                              <h4>Zaman\u0131nda Teslimat<\/h4>\n\t                            \t                            \t                              <p>\nTeslim tarihlerinize uymak i\u00e7in h\u0131zl\u0131 ve g\u00fcvenilir teslimat sa\u011fl\u0131yoruz.\n\n <\/p>\n\t                            \t                           <\/div>\n\t                        <\/div>\n\t                        \t                        <div class=\"single-feature wow fadeInUp\" data-wow-duration=\"1s\" data-wow-delay=\".4s\">\n\t                           <div class=\"icon-wrapper\">\n\t                           \t\t                           \t\t<i class=\"flaticon-worldwide\"><\/i>\n\t                           \t\t                           <\/div>\n\t                           <div class=\"feature-details\">\n\t                           \t\t                              <h4>global servis<\/h4>\n\t                            \t                            \t                              <p>G\u00fc\u00e7l\u00fc uluslararas\u0131 a\u011f\u0131m\u0131zla d\u00fcnyan\u0131n d\u00f6rt bir yan\u0131ndaki i\u015fletmeleri birbirine ba\u011fl\u0131yoruz.\n\n <\/p>\n\t                            \t                           <\/div>\n\t                        <\/div>\n\t                        \t                    <\/div>\n\t                  <\/div>\n\t               <\/div>\n\t            <\/div>\n\t         <\/div>\n\t      <\/div>\n\t      \t\t\t<\/div>\n\t\t\t\t<\/div>\n\t\t\t\t\t\t<\/div>\n\t\t\t<\/div>\n\t\t<\/div>\n\t\t\t\t\t\t<\/div>\n\t\t\t<\/div>\n\t\t<\/section>\n\t\t\t\t<section class=\"elementor-element elementor-element-f2a374a elementor-section-full_width elementor-section-height-default elementor-section-height-default elementor-section elementor-top-section\" data-id=\"f2a374a\" data-element_type=\"section\">\n\t\t\t\t\t\t<div class=\"elementor-container elementor-column-gap-default\">\n\t\t\t\t<div class=\"elementor-row\">\n\t\t\t\t<div class=\"elementor-element elementor-element-2323b01 elementor-column elementor-col-100 elementor-top-column\" data-id=\"2323b01\" data-element_type=\"column\">\n\t\t\t<div class=\"elementor-column-wrap  elementor-element-populated\">\n\t\t\t\t\t<div class=\"elementor-widget-wrap\">\n\t\t\t\t<div class=\"elementor-element elementor-element-65c7233 elementor-align-left elementor-widget elementor-widget-bdevs-cta\" data-id=\"65c7233\" data-element_type=\"widget\" data-widget_type=\"bdevs-cta.default\">\n\t\t\t\t<div class=\"elementor-widget-container\">\n\t\t\t\t\t\t\t<div class=\"cta-section cta-bg\" style=\"background-image: url(https:\/\/kaleglobalas.com\/tr\/wp-content\/uploads\/sites\/10\/2025\/03\/engineer-walking-in-large-factor-3.jpg);\">\n\t        <div class=\"container\">\n\t            <div class=\"cta-container\">\n\t               <div class=\"row align-items-center\">\n\t                  <div class=\"col-lg-9\">\n\t                  \t\t                     <h2 class=\"mb-lg-0 text-center text-lg-left\">HEDEF\u0130N\u0130ZE %100 G\u00dcVENL\u0130 VE EMN\u0130YETL\u0130 B\u0130R \u015eEK\u0130LDE ULA\u015eIN<\/h2>\n\t                    \t                  <\/div>\n\t                  <div class=\"col-lg-3 text-center text-lg-right\">\n\t                  \t\t                     <a href=\"https:\/\/kaleglobalas.com\/tr\/contact\" class=\"boxed-btn\"><span>\u0130LET\u0130\u015e\u0130M<\/span><\/a>\n\t                    \t                  <\/div>\n\t               <\/div>\n\t            <\/div>\n\t        <\/div>\n\t        <div class=\"cta-overlay\"><\/div>\n\t    <\/div>\n\t    \t\t\t<\/div>\n\t\t\t\t<\/div>\n\t\t\t\t\t\t<\/div>\n\t\t\t<\/div>\n\t\t<\/div>\n\t\t\t\t\t\t<\/div>\n\t\t\t<\/div>\n\t\t<\/section>\n\t\t\t\t\t\t<\/div>\n\t\t\t<\/div>\n\t\t<\/div>\n\t\t","protected":false},"excerpt":{"rendered":"<p>\u00dcR\u00dcNLER G\u0131da \u00dcr\u00fcnler G\u0131da \u00dcr\u00fcnler GIDA Kale Global, ay\u00e7i\u00e7ek ya\u011f\u0131, makarna, unlu mamuller grubu, meyve suyu ihracat\u0131 ve kahve ithalat\u0131nda kalite ve fiyat avantaj\u0131n\u0131 en etkili \u015fekilde kullanan \u015firketlerden biridir. Neden bizi se\u00e7melisiniz 24\/7 Destek Uzman ekibimiz her zaman, her yerde size yard\u0131mc\u0131 olmak i\u00e7in haz\u0131rd\u0131r. Zaman\u0131nda Teslimat Teslim tarihlerinize uymak i\u00e7in h\u0131zl\u0131 ve g\u00fcvenilir [&hellip;]<\/p>\n","protected":false},"author":2,"featured_media":0,"parent":835,"menu_order":0,"comment_status":"closed","ping_status":"closed","template":"page-templates\/home-2.php","meta":{"inline_featured_image":false,"_themeisle_gutenberg_block_has_review":false,"footnotes":""},"class_list":["post-843","page","type-page","status-publish","hentry"],"yoast_head":"<!-- This site is optimized with the Yoast SEO plugin v24.4 - https:\/\/yoast.com\/wordpress\/plugins\/seo\/ -->\n<title>KALE GLOBAL A.\u015e | \u0130THALAT - \u0130HRACAT - YATIRIM | - GIDA<\/title>\n<meta name=\"robots\" content=\"index, follow, max-snippet:-1, max-image-preview:large, max-video-preview:-1\" \/>\n<link rel=\"canonical\" href=\"https:\/\/kaleglobalas.com\/tr\/products\/gida\/\" \/>\n<meta property=\"og:locale\" content=\"en_US\" \/>\n<meta property=\"og:type\" content=\"article\" \/>\n<meta property=\"og:title\" content=\"KALE GLOBAL A.\u015e | \u0130THALAT - \u0130HRACAT - YATIRIM | - GIDA\" \/>\n<meta property=\"og:description\" content=\"\u00dcR\u00dcNLER G\u0131da \u00dcr\u00fcnler G\u0131da \u00dcr\u00fcnler GIDA Kale Global, ay\u00e7i\u00e7ek ya\u011f\u0131, makarna, unlu mamuller grubu, meyve suyu ihracat\u0131 ve kahve ithalat\u0131nda kalite ve fiyat avantaj\u0131n\u0131 en etkili \u015fekilde kullanan \u015firketlerden biridir. Neden bizi se\u00e7melisiniz 24\/7 Destek Uzman ekibimiz her zaman, her yerde size yard\u0131mc\u0131 olmak i\u00e7in haz\u0131rd\u0131r. Zaman\u0131nda Teslimat Teslim tarihlerinize uymak i\u00e7in h\u0131zl\u0131 ve g\u00fcvenilir [&hellip;]\" \/>\n<meta property=\"og:url\" content=\"https:\/\/kaleglobalas.com\/tr\/products\/gida\/\" \/>\n<meta property=\"og:site_name\" content=\"KALE GLOBAL A.\u015e | \u0130THALAT - \u0130HRACAT - YATIRIM |\" \/>\n<meta property=\"article:modified_time\" content=\"2025-03-21T08:10:39+00:00\" \/>\n<meta property=\"og:image\" content=\"https:\/\/kaleglobalas.com\/tr\/wp-content\/uploads\/sites\/10\/2025\/03\/makarna1.jpg\" \/>\n<meta name=\"twitter:card\" content=\"summary_large_image\" \/>\n<meta name=\"twitter:label1\" content=\"Est. reading time\" \/>\n\t<meta name=\"twitter:data1\" content=\"3 minutes\" \/>\n<script type=\"application\/ld+json\" class=\"yoast-schema-graph\">{\"@context\":\"https:\/\/schema.org\",\"@graph\":[{\"@type\":\"WebPage\",\"@id\":\"https:\/\/kaleglobalas.com\/tr\/products\/gida\/\",\"url\":\"https:\/\/kaleglobalas.com\/tr\/products\/gida\/\",\"name\":\"KALE GLOBAL A.\u015e | \u0130THALAT - \u0130HRACAT - YATIRIM | - GIDA\",\"isPartOf\":{\"@id\":\"https:\/\/kaleglobalas.com\/tr\/#website\"},\"primaryImageOfPage\":{\"@id\":\"https:\/\/kaleglobalas.com\/tr\/products\/gida\/#primaryimage\"},\"image\":{\"@id\":\"https:\/\/kaleglobalas.com\/tr\/products\/gida\/#primaryimage\"},\"thumbnailUrl\":\"https:\/\/kaleglobalas.com\/tr\/wp-content\/uploads\/sites\/10\/2025\/03\/makarna1.jpg\",\"datePublished\":\"2025-02-20T08:10:52+00:00\",\"dateModified\":\"2025-03-21T08:10:39+00:00\",\"breadcrumb\":{\"@id\":\"https:\/\/kaleglobalas.com\/tr\/products\/gida\/#breadcrumb\"},\"inLanguage\":\"en-US\",\"potentialAction\":[{\"@type\":\"ReadAction\",\"target\":[\"https:\/\/kaleglobalas.com\/tr\/products\/gida\/\"]}]},{\"@type\":\"ImageObject\",\"inLanguage\":\"en-US\",\"@id\":\"https:\/\/kaleglobalas.com\/tr\/products\/gida\/#primaryimage\",\"url\":\"https:\/\/kaleglobalas.com\/tr\/wp-content\/uploads\/sites\/10\/2025\/03\/makarna1.jpg\",\"contentUrl\":\"https:\/\/kaleglobalas.com\/tr\/wp-content\/uploads\/sites\/10\/2025\/03\/makarna1.jpg\",\"width\":1066,\"height\":1600},{\"@type\":\"BreadcrumbList\",\"@id\":\"https:\/\/kaleglobalas.com\/tr\/products\/gida\/#breadcrumb\",\"itemListElement\":[{\"@type\":\"ListItem\",\"position\":1,\"name\":\"Home\",\"item\":\"https:\/\/kaleglobalas.com\/tr\/\"},{\"@type\":\"ListItem\",\"position\":2,\"name\":\"PRODUCTS\",\"item\":\"https:\/\/kaleglobalas.com\/tr\/products\/\"},{\"@type\":\"ListItem\",\"position\":3,\"name\":\"GIDA\"}]},{\"@type\":\"WebSite\",\"@id\":\"https:\/\/kaleglobalas.com\/tr\/#website\",\"url\":\"https:\/\/kaleglobalas.com\/tr\/\",\"name\":\"KALE GLOBAL A.\u015e | \u0130THALAT - \u0130HRACAT - YATIRIM |\",\"description\":\"\",\"potentialAction\":[{\"@type\":\"SearchAction\",\"target\":{\"@type\":\"EntryPoint\",\"urlTemplate\":\"https:\/\/kaleglobalas.com\/tr\/?s={search_term_string}\"},\"query-input\":{\"@type\":\"PropertyValueSpecification\",\"valueRequired\":true,\"valueName\":\"search_term_string\"}}],\"inLanguage\":\"en-US\"}]}<\/script>\n<!-- \/ Yoast SEO plugin. -->","yoast_head_json":{"title":"KALE GLOBAL A.\u015e | \u0130THALAT - \u0130HRACAT - YATIRIM | - GIDA","robots":{"index":"index","follow":"follow","max-snippet":"max-snippet:-1","max-image-preview":"max-image-preview:large","max-video-preview":"max-video-preview:-1"},"canonical":"https:\/\/kaleglobalas.com\/tr\/products\/gida\/","og_locale":"en_US","og_type":"article","og_title":"KALE GLOBAL A.\u015e | \u0130THALAT - \u0130HRACAT - YATIRIM | - GIDA","og_description":"\u00dcR\u00dcNLER G\u0131da \u00dcr\u00fcnler G\u0131da \u00dcr\u00fcnler GIDA Kale Global, ay\u00e7i\u00e7ek ya\u011f\u0131, makarna, unlu mamuller grubu, meyve suyu ihracat\u0131 ve kahve ithalat\u0131nda kalite ve fiyat avantaj\u0131n\u0131 en etkili \u015fekilde kullanan \u015firketlerden biridir. Neden bizi se\u00e7melisiniz 24\/7 Destek Uzman ekibimiz her zaman, her yerde size yard\u0131mc\u0131 olmak i\u00e7in haz\u0131rd\u0131r. Zaman\u0131nda Teslimat Teslim tarihlerinize uymak i\u00e7in h\u0131zl\u0131 ve g\u00fcvenilir [&hellip;]","og_url":"https:\/\/kaleglobalas.com\/tr\/products\/gida\/","og_site_name":"KALE GLOBAL A.\u015e | \u0130THALAT - \u0130HRACAT - YATIRIM |","article_modified_time":"2025-03-21T08:10:39+00:00","og_image":[{"url":"https:\/\/kaleglobalas.com\/tr\/wp-content\/uploads\/sites\/10\/2025\/03\/makarna1.jpg","type":"","width":"","height":""}],"twitter_card":"summary_large_image","twitter_misc":{"Est. reading time":"3 minutes"},"schema":{"@context":"https:\/\/schema.org","@graph":[{"@type":"WebPage","@id":"https:\/\/kaleglobalas.com\/tr\/products\/gida\/","url":"https:\/\/kaleglobalas.com\/tr\/products\/gida\/","name":"KALE GLOBAL A.\u015e | \u0130THALAT - \u0130HRACAT - YATIRIM | - GIDA","isPartOf":{"@id":"https:\/\/kaleglobalas.com\/tr\/#website"},"primaryImageOfPage":{"@id":"https:\/\/kaleglobalas.com\/tr\/products\/gida\/#primaryimage"},"image":{"@id":"https:\/\/kaleglobalas.com\/tr\/products\/gida\/#primaryimage"},"thumbnailUrl":"https:\/\/kaleglobalas.com\/tr\/wp-content\/uploads\/sites\/10\/2025\/03\/makarna1.jpg","datePublished":"2025-02-20T08:10:52+00:00","dateModified":"2025-03-21T08:10:39+00:00","breadcrumb":{"@id":"https:\/\/kaleglobalas.com\/tr\/products\/gida\/#breadcrumb"},"inLanguage":"en-US","potentialAction":[{"@type":"ReadAction","target":["https:\/\/kaleglobalas.com\/tr\/products\/gida\/"]}]},{"@type":"ImageObject","inLanguage":"en-US","@id":"https:\/\/kaleglobalas.com\/tr\/products\/gida\/#primaryimage","url":"https:\/\/kaleglobalas.com\/tr\/wp-content\/uploads\/sites\/10\/2025\/03\/makarna1.jpg","contentUrl":"https:\/\/kaleglobalas.com\/tr\/wp-content\/uploads\/sites\/10\/2025\/03\/makarna1.jpg","width":1066,"height":1600},{"@type":"BreadcrumbList","@id":"https:\/\/kaleglobalas.com\/tr\/products\/gida\/#breadcrumb","itemListElement":[{"@type":"ListItem","position":1,"name":"Home","item":"https:\/\/kaleglobalas.com\/tr\/"},{"@type":"ListItem","position":2,"name":"PRODUCTS","item":"https:\/\/kaleglobalas.com\/tr\/products\/"},{"@type":"ListItem","position":3,"name":"GIDA"}]},{"@type":"WebSite","@id":"https:\/\/kaleglobalas.com\/tr\/#website","url":"https:\/\/kaleglobalas.com\/tr\/","name":"KALE GLOBAL A.\u015e | \u0130THALAT - \u0130HRACAT - YATIRIM |","description":"","potentialAction":[{"@type":"SearchAction","target":{"@type":"EntryPoint","urlTemplate":"https:\/\/kaleglobalas.com\/tr\/?s={search_term_string}"},"query-input":{"@type":"PropertyValueSpecification","valueRequired":true,"valueName":"search_term_string"}}],"inLanguage":"en-US"}]}},"_links":{"self":[{"href":"https:\/\/kaleglobalas.com\/tr\/wp-json\/wp\/v2\/pages\/843","targetHints":{"allow":["GET"]}}],"collection":[{"href":"https:\/\/kaleglobalas.com\/tr\/wp-json\/wp\/v2\/pages"}],"about":[{"href":"https:\/\/kaleglobalas.com\/tr\/wp-json\/wp\/v2\/types\/page"}],"author":[{"embeddable":true,"href":"https:\/\/kaleglobalas.com\/tr\/wp-json\/wp\/v2\/users\/2"}],"replies":[{"embeddable":true,"href":"https:\/\/kaleglobalas.com\/tr\/wp-json\/wp\/v2\/comments?post=843"}],"version-history":[{"count":9,"href":"https:\/\/kaleglobalas.com\/tr\/wp-json\/wp\/v2\/pages\/843\/revisions"}],"predecessor-version":[{"id":2771,"href":"https:\/\/kaleglobalas.com\/tr\/wp-json\/wp\/v2\/pages\/843\/revisions\/2771"}],"up":[{"embeddable":true,"href":"https:\/\/kaleglobalas.com\/tr\/wp-json\/wp\/v2\/pages\/835"}],"wp:attachment":[{"href":"https:\/\/kaleglobalas.com\/tr\/wp-json\/wp\/v2\/media?parent=843"}],"curies":[{"name":"wp","href":"https:\/\/api.w.org\/{rel}","templated":true}]}}