{"id":2758,"date":"2025-03-20T19:52:23","date_gmt":"2025-03-20T19:52:23","guid":{"rendered":"https:\/\/kaleglobalas.com\/tr\/?page_id=2758"},"modified":"2025-03-20T19:54:40","modified_gmt":"2025-03-20T19:54:40","slug":"tuccar-ihracatci-hizmetleri","status":"publish","type":"page","link":"https:\/\/kaleglobalas.com\/tr\/services\/tuccar-ihracatci-hizmetleri\/","title":{"rendered":"T\u00fcccar \u0130hracat\u00e7\u0131 Hizmetleri"},"content":{"rendered":"\t\t<div data-elementor-type=\"post\" data-elementor-id=\"2758\" class=\"elementor elementor-2758\" data-elementor-settings=\"[]\">\n\t\t\t<div class=\"elementor-inner\">\n\t\t\t\t<div class=\"elementor-section-wrap\">\n\t\t\t\t\t\t\t<section class=\"elementor-element elementor-element-a541cdb elementor-section-full_width elementor-section-height-default elementor-section-height-default elementor-section elementor-top-section\" data-id=\"a541cdb\" data-element_type=\"section\">\n\t\t\t\t\t\t<div class=\"elementor-container elementor-column-gap-default\">\n\t\t\t\t<div class=\"elementor-row\">\n\t\t\t\t<div class=\"elementor-element elementor-element-da95bfb elementor-column elementor-col-100 elementor-top-column\" data-id=\"da95bfb\" data-element_type=\"column\">\n\t\t\t<div class=\"elementor-column-wrap  elementor-element-populated\">\n\t\t\t\t\t<div class=\"elementor-widget-wrap\">\n\t\t\t\t<div class=\"elementor-element elementor-element-ca12eb6 elementor-align-left elementor-widget elementor-widget-bdevs-banner\" data-id=\"ca12eb6\" data-element_type=\"widget\" data-widget_type=\"bdevs-banner.default\">\n\t\t\t\t<div class=\"elementor-widget-container\">\n\t\t\t\t<div class=\"breadcrumb-area about-breadcrumb-bg\" style=\"background-image: url(https:\/\/kaleglobalas.com\/tr\/wp-content\/uploads\/sites\/10\/2025\/03\/kalegb.jpg);\">\n         <div class=\"container\">\n            <div class=\"row\">\n               <div class=\"col-lg-7\">\n                  <div class=\"breadcrumb-txt\">\n                  \t                     <span>H\u0130ZMETLER<\/span>\n                                                             <h1>T\u00fcccar \u0130hracat\u00e7\u0131 H\u0130ZMETLER\u0130\n<\/h1>\n                                                             <nav aria-label=\"breadcrumb\">\n                        <ol class=\"breadcrumb\">\n                           <li class=\"breadcrumb-item\"><a href=\"https:\/\/kaleglobalas.com\/tr\/\">H\u0130ZMETLER<\/a><\/li>\n                           <li class=\"breadcrumb-item active\" aria-current=\"page\">T\u00fcccar \u0130hracat\u00e7\u0131 H\u0130ZMETLER\u0130<\/li>\n                        <\/ol>\n                     <\/nav>\n                                      <\/div>\n               <\/div>\n            <\/div>\n         <\/div>\n         <div class=\"breadcrumb-overlay\"><\/div>\n    <\/div>\n\t\t\t<\/div>\n\t\t\t\t<\/div>\n\t\t\t\t\t\t<\/div>\n\t\t\t<\/div>\n\t\t<\/div>\n\t\t\t\t\t\t<\/div>\n\t\t\t<\/div>\n\t\t<\/section>\n\t\t\t\t<section class=\"elementor-element elementor-element-e42e6cf elementor-section-full_width elementor-section-height-default elementor-section-height-default elementor-section elementor-top-section\" data-id=\"e42e6cf\" data-element_type=\"section\">\n\t\t\t\t\t\t<div class=\"elementor-container elementor-column-gap-default\">\n\t\t\t\t<div class=\"elementor-row\">\n\t\t\t\t<div class=\"elementor-element elementor-element-0c272e4 elementor-column elementor-col-100 elementor-top-column\" data-id=\"0c272e4\" data-element_type=\"column\">\n\t\t\t<div class=\"elementor-column-wrap  elementor-element-populated\">\n\t\t\t\t\t<div class=\"elementor-widget-wrap\">\n\t\t\t\t<div class=\"elementor-element elementor-element-2f62bf8 elementor-align-left elementor-widget elementor-widget-bdevs-about\" data-id=\"2f62bf8\" data-element_type=\"widget\" data-widget_type=\"bdevs-about.default\">\n\t\t\t\t<div class=\"elementor-widget-container\">\n\t\t\t\t\t\t      <div class=\"about-section about\">\n\t         <div class=\"container\">\n\t            <div class=\"row\">\n\t               <div class=\"col-xl-5 col-lg-6\">\n\t                  <div class=\"outer\">\n\t                     <div class=\"inner\">\n\t                        <div class=\"about-txt\">\n\t                        \t\t\t\t                     <span class=\"title\">H\u0130ZMETLER<\/span>\n\t\t\t                    \t\t\t                    \t\t\t                     <h2 class=\"subtitle\">T\u00fcccar \u0130hracat\u00e7\u0131 H\u0130ZMETLER\u0130\n<\/h2>\n\t\t\t                    \t\t\t                    \t\t\t                    <p><b>T\u00fcccar \u0130hracat\u00e7\u0131 Hizmeti<\/b><\/p><p>Kale Global, yurti\u00e7i ve yurtd\u0131\u015f\u0131 \u00fclkeler aras\u0131nda kaliteli \u00fcr\u00fcn tedarikini kolayla\u015ft\u0131rmak i\u00e7in g\u00fcvenli bir platform sunuyor. Bir ithalat ihracat \u015firketi olarak, k\u00fcresel d\u00fczeyde emtia tedarikine ihtiya\u00e7 duyan ihracat\u00e7\u0131lara ve ithalat\u00e7\u0131lara s\u00fcrd\u00fcr\u00fclebilir hizmetler sunmaktad\u0131r. Uluslararas\u0131 ticarette g\u00fc\u00e7l\u00fc bir k\u00fcresel varl\u0131k olu\u015fturmak isteyen \u00fcreticiler, \u00e7ift\u00e7iler, toptanc\u0131lar, ithalat\u00e7\u0131lar ve di\u011fer t\u00fcm payda\u015flarla verimli bir \u015fekilde ilgilenir.\u00a0\u00a0<\/p>\t\t\t                    \t                           \t<img decoding=\"async\" src=\"\" alt=\"\">\n\t                           \t\t\t                       \t\t                        <\/div>\n\t                     <\/div>\n\t                  <\/div>\n\t               <\/div>\n\t               <div class=\"col-xl-6 offset-xl-1 col-lg-6\">\n\t                  <div class=\"about-right-bg\" style=\"background-image: url(https:\/\/kaleglobalas.com\/tr\/wp-content\/uploads\/sites\/10\/2025\/02\/Merchant-Exporters-2.jpg);\">\n\t                  <\/div>\n\t               <\/div>\n\t            <\/div>\n\t            <div class=\"targets\">\n\t               <div class=\"row\">\n               \t\t\t                  <div class=\"col-lg-6\">\n\t                     <div class=\"box wow fadeInUp\" data-wow-duration=\"1s\" data-wow-delay=\".2s\">\n\t                        <div class=\"icon-wrapper\"><i class=\"flaticon-external-link-square-with-an-arrow-in-right-diagonal\"><\/i><\/div>\n\t                        <div class=\"box-details\">\n\t                           <h4>M\u0130SYONUMUZ<\/h4>\n\t                           <p>Nitelikli pazar bilgimizi, g\u00fc\u00e7l\u00fc ili\u015fkilerimizi ve yenilik\u00e7i i\u015f modellerimizi kullanarak s\u00fcrd\u00fcr\u00fclebilir ve verimli \u00fcr\u00fcn ticareti \u00e7\u00f6z\u00fcmleri sunmak. Temel ba\u015flang\u0131\u00e7 noktam\u0131z, m\u00fc\u015fteri ihtiya\u00e7lar\u0131n\u0131 kar\u015f\u0131lamak, pazar kaynaklar\u0131n\u0131 \u00e7e\u015fitlendirmek ve s\u00fcrekli de\u011fi\u015fen k\u00fcresel bir ortamda zaman\u0131nda tedarik hizmeti sa\u011flamakt\u0131r.\n\n<\/p>\n\t                        <\/div>\n\t                     <\/div>\n\t                  <\/div>\n\t                \t                  <div class=\"col-lg-6\">\n\t                     <div class=\"box wow fadeInUp\" data-wow-duration=\"1s\" data-wow-delay=\".2s\">\n\t                        <div class=\"icon-wrapper\"><i class=\"flaticon-check\"><\/i><\/div>\n\t                        <div class=\"box-details\">\n\t                           <h4>V\u0130ZYONUMUZ<\/h4>\n\t                           <p>Ortaklar\u0131n\u0131 deneyim, sa\u011fl\u0131kl\u0131 ba\u011flant\u0131lar ve s\u00fcrd\u00fcr\u00fclebilir b\u00fcy\u00fcmeye olan ba\u011fl\u0131l\u0131kla g\u00fc\u00e7lendiren g\u00fcvenilir ve yenilik\u00e7i bir k\u00fcresel ticaret orta\u011f\u0131 olmak. Pazarlar aras\u0131nda k\u00f6pr\u00fcler kurmak ve profesyonellik, d\u00fcr\u00fcstl\u00fck ve ileri g\u00f6r\u00fc\u015fl\u00fc stratejilerle benzersiz de\u011fer sunmak.\n\n<\/p>\n\t                        <\/div>\n\t                     <\/div>\n\t                  <\/div>\n\t                \t               <\/div>\n\t            <\/div>\n\t         <\/div>\n\t      <\/div>\n    \t  \t\t\t<\/div>\n\t\t\t\t<\/div>\n\t\t\t\t\t\t<\/div>\n\t\t\t<\/div>\n\t\t<\/div>\n\t\t\t\t\t\t<\/div>\n\t\t\t<\/div>\n\t\t<\/section>\n\t\t\t\t<section class=\"elementor-element elementor-element-d623bea elementor-section-full_width elementor-section-height-default elementor-section-height-default elementor-section elementor-top-section\" data-id=\"d623bea\" data-element_type=\"section\">\n\t\t\t\t\t\t<div class=\"elementor-container elementor-column-gap-default\">\n\t\t\t\t<div class=\"elementor-row\">\n\t\t\t\t<div class=\"elementor-element elementor-element-d244d31 elementor-column elementor-col-100 elementor-top-column\" data-id=\"d244d31\" data-element_type=\"column\">\n\t\t\t<div class=\"elementor-column-wrap  elementor-element-populated\">\n\t\t\t\t\t<div class=\"elementor-widget-wrap\">\n\t\t\t\t<div class=\"elementor-element elementor-element-01a18d1 elementor-align-left elementor-widget elementor-widget-bdevs-features\" data-id=\"01a18d1\" data-element_type=\"widget\" data-widget_type=\"bdevs-features.default\">\n\t\t\t\t<div class=\"elementor-widget-container\">\n\t\t\t\t\t\t      <div class=\"features-section home-2 border-bottom\">\n\t         <div class=\"container\">\n\t            <div class=\"row feature-content\">\n\t               <div class=\"col-xl-5 offset-xl-7 col-lg-6 offset-lg-6 pr-0\">\n\t                  <div class=\"features\">\n\t                    \t                    \t                     <h2 class=\"subtitle\">Neden b\u0130Z\u0130 SE\u00c7MEL\u0130S\u0130N\u0130Z<\/h2>\n\t                    \t                    <div class=\"feature-lists\">\n\t                     \t\t                        <div class=\"single-feature wow fadeInUp\" data-wow-duration=\"1s\" data-wow-delay=\"0s\">\n\t                           <div class=\"icon-wrapper\">\n\t                           \t\t                           \t\t<i class=\"flaticon-customer-service\"><\/i>\n\t                           \t\t                           <\/div>\n\t                           <div class=\"feature-details\">\n\t                           \t\t                              <h4>24\/7 destek<\/h4>\n\t                            \t                            \t                              <p>Uzman ekibimiz her zaman, her yerde size yard\u0131mc\u0131 olmak i\u00e7in haz\u0131rd\u0131r.\n\n <\/p>\n\t                            \t                           <\/div>\n\t                        <\/div>\n\t                        \t                        <div class=\"single-feature wow fadeInUp\" data-wow-duration=\"1s\" data-wow-delay=\".2s\">\n\t                           <div class=\"icon-wrapper\">\n\t                           \t\t                           \t\t<i class=\"flaticon-email\"><\/i>\n\t                           \t\t                           <\/div>\n\t                           <div class=\"feature-details\">\n\t                           \t\t                              <h4>Zaman\u0131nda Teslimat<\/h4>\n\t                            \t                            \t                              <p>Teslim tarihlerinize uymak i\u00e7in h\u0131zl\u0131 ve g\u00fcvenilir teslimat sa\u011fl\u0131yoruz.\n\n <\/p>\n\t                            \t                           <\/div>\n\t                        <\/div>\n\t                        \t                        <div class=\"single-feature wow fadeInUp\" data-wow-duration=\"1s\" data-wow-delay=\".4s\">\n\t                           <div class=\"icon-wrapper\">\n\t                           \t\t                           \t\t<i class=\"flaticon-worldwide\"><\/i>\n\t                           \t\t                           <\/div>\n\t                           <div class=\"feature-details\">\n\t                           \t\t                              <h4>global servis<\/h4>\n\t                            \t                            \t                              <p>G\u00fc\u00e7l\u00fc uluslararas\u0131 a\u011f\u0131m\u0131zla d\u00fcnyan\u0131n d\u00f6rt bir yan\u0131ndaki i\u015fletmeleri birbirine ba\u011fl\u0131yoruz.\n\n <\/p>\n\t                            \t                           <\/div>\n\t                        <\/div>\n\t                        \t                    <\/div>\n\t                  <\/div>\n\t               <\/div>\n\t            <\/div>\n\t         <\/div>\n\t      <\/div>\n\t      \t\t\t<\/div>\n\t\t\t\t<\/div>\n\t\t\t\t<div class=\"elementor-element elementor-element-20efe7e elementor-align-left elementor-widget elementor-widget-bdevs-cta\" data-id=\"20efe7e\" data-element_type=\"widget\" data-widget_type=\"bdevs-cta.default\">\n\t\t\t\t<div class=\"elementor-widget-container\">\n\t\t\t\t\t\t\t<div class=\"cta-section cta-bg\" style=\"background-image: url(https:\/\/kaleglobalas.com\/tr\/wp-content\/uploads\/sites\/10\/2025\/03\/engineer-walking-in-large-factor-3.jpg);\">\n\t        <div class=\"container\">\n\t            <div class=\"cta-container\">\n\t               <div class=\"row align-items-center\">\n\t                  <div class=\"col-lg-9\">\n\t                  \t\t                     <h2 class=\"mb-lg-0 text-center text-lg-left\">HEDEF\u0130N\u0130ZE %100 G\u00dcVENL\u0130 VE EMN\u0130YETL\u0130 B\u0130R \u015eEK\u0130LDE ULA\u015eIN<\/h2>\n\t                    \t                  <\/div>\n\t                  <div class=\"col-lg-3 text-center text-lg-right\">\n\t                  \t\t                     <a href=\"https:\/\/kaleglobalas.com\/tr\/contact\" class=\"boxed-btn\"><span>\u0130LET\u0130\u015e\u0130M<\/span><\/a>\n\t                    \t                  <\/div>\n\t               <\/div>\n\t            <\/div>\n\t        <\/div>\n\t        <div class=\"cta-overlay\"><\/div>\n\t    <\/div>\n\t    \t\t\t<\/div>\n\t\t\t\t<\/div>\n\t\t\t\t\t\t<\/div>\n\t\t\t<\/div>\n\t\t<\/div>\n\t\t\t\t\t\t<\/div>\n\t\t\t<\/div>\n\t\t<\/section>\n\t\t\t\t\t\t<\/div>\n\t\t\t<\/div>\n\t\t<\/div>\n\t\t","protected":false},"excerpt":{"rendered":"<p>H\u0130ZMETLER T\u00fcccar \u0130hracat\u00e7\u0131 H\u0130ZMETLER\u0130 H\u0130ZMETLER T\u00fcccar \u0130hracat\u00e7\u0131 H\u0130ZMETLER\u0130 H\u0130ZMETLER T\u00fcccar \u0130hracat\u00e7\u0131 H\u0130ZMETLER\u0130 T\u00fcccar \u0130hracat\u00e7\u0131 HizmetiKale Global, yurti\u00e7i ve yurtd\u0131\u015f\u0131 \u00fclkeler aras\u0131nda kaliteli \u00fcr\u00fcn tedarikini kolayla\u015ft\u0131rmak i\u00e7in g\u00fcvenli bir platform sunuyor. Bir ithalat ihracat \u015firketi olarak, k\u00fcresel d\u00fczeyde emtia tedarikine ihtiya\u00e7 duyan ihracat\u00e7\u0131lara ve ithalat\u00e7\u0131lara s\u00fcrd\u00fcr\u00fclebilir hizmetler sunmaktad\u0131r. Uluslararas\u0131 ticarette g\u00fc\u00e7l\u00fc bir k\u00fcresel varl\u0131k olu\u015fturmak isteyen [&hellip;]<\/p>\n","protected":false},"author":2,"featured_media":0,"parent":163,"menu_order":0,"comment_status":"closed","ping_status":"closed","template":"page-templates\/home-2.php","meta":{"inline_featured_image":false,"_themeisle_gutenberg_block_has_review":false,"footnotes":""},"class_list":["post-2758","page","type-page","status-publish","hentry"],"yoast_head":"<!-- This site is optimized with the Yoast SEO plugin v24.4 - https:\/\/yoast.com\/wordpress\/plugins\/seo\/ -->\n<title>KALE GLOBAL A.\u015e | \u0130THALAT - \u0130HRACAT - YATIRIM | - T\u00fcccar \u0130hracat\u00e7\u0131 Hizmetleri<\/title>\n<meta name=\"robots\" content=\"index, follow, max-snippet:-1, max-image-preview:large, max-video-preview:-1\" \/>\n<link rel=\"canonical\" href=\"https:\/\/kaleglobalas.com\/tr\/services\/tuccar-ihracatci-hizmetleri\/\" \/>\n<meta property=\"og:locale\" content=\"en_US\" \/>\n<meta property=\"og:type\" content=\"article\" \/>\n<meta property=\"og:title\" content=\"KALE GLOBAL A.\u015e | \u0130THALAT - \u0130HRACAT - YATIRIM | - T\u00fcccar \u0130hracat\u00e7\u0131 Hizmetleri\" \/>\n<meta property=\"og:description\" content=\"H\u0130ZMETLER T\u00fcccar \u0130hracat\u00e7\u0131 H\u0130ZMETLER\u0130 H\u0130ZMETLER T\u00fcccar \u0130hracat\u00e7\u0131 H\u0130ZMETLER\u0130 H\u0130ZMETLER T\u00fcccar \u0130hracat\u00e7\u0131 H\u0130ZMETLER\u0130 T\u00fcccar \u0130hracat\u00e7\u0131 HizmetiKale Global, yurti\u00e7i ve yurtd\u0131\u015f\u0131 \u00fclkeler aras\u0131nda kaliteli \u00fcr\u00fcn tedarikini kolayla\u015ft\u0131rmak i\u00e7in g\u00fcvenli bir platform sunuyor. Bir ithalat ihracat \u015firketi olarak, k\u00fcresel d\u00fczeyde emtia tedarikine ihtiya\u00e7 duyan ihracat\u00e7\u0131lara ve ithalat\u00e7\u0131lara s\u00fcrd\u00fcr\u00fclebilir hizmetler sunmaktad\u0131r. Uluslararas\u0131 ticarette g\u00fc\u00e7l\u00fc bir k\u00fcresel varl\u0131k olu\u015fturmak isteyen [&hellip;]\" \/>\n<meta property=\"og:url\" content=\"https:\/\/kaleglobalas.com\/tr\/services\/tuccar-ihracatci-hizmetleri\/\" \/>\n<meta property=\"og:site_name\" content=\"KALE GLOBAL A.\u015e | \u0130THALAT - \u0130HRACAT - YATIRIM |\" \/>\n<meta property=\"article:modified_time\" content=\"2025-03-20T19:54:40+00:00\" \/>\n<meta name=\"twitter:card\" content=\"summary_large_image\" \/>\n<meta name=\"twitter:label1\" content=\"Est. reading time\" \/>\n\t<meta name=\"twitter:data1\" content=\"3 minutes\" \/>\n<script type=\"application\/ld+json\" class=\"yoast-schema-graph\">{\"@context\":\"https:\/\/schema.org\",\"@graph\":[{\"@type\":\"WebPage\",\"@id\":\"https:\/\/kaleglobalas.com\/tr\/services\/tuccar-ihracatci-hizmetleri\/\",\"url\":\"https:\/\/kaleglobalas.com\/tr\/services\/tuccar-ihracatci-hizmetleri\/\",\"name\":\"KALE GLOBAL A.\u015e | \u0130THALAT - \u0130HRACAT - YATIRIM | - T\u00fcccar \u0130hracat\u00e7\u0131 Hizmetleri\",\"isPartOf\":{\"@id\":\"https:\/\/kaleglobalas.com\/tr\/#website\"},\"datePublished\":\"2025-03-20T19:52:23+00:00\",\"dateModified\":\"2025-03-20T19:54:40+00:00\",\"breadcrumb\":{\"@id\":\"https:\/\/kaleglobalas.com\/tr\/services\/tuccar-ihracatci-hizmetleri\/#breadcrumb\"},\"inLanguage\":\"en-US\",\"potentialAction\":[{\"@type\":\"ReadAction\",\"target\":[\"https:\/\/kaleglobalas.com\/tr\/services\/tuccar-ihracatci-hizmetleri\/\"]}]},{\"@type\":\"BreadcrumbList\",\"@id\":\"https:\/\/kaleglobalas.com\/tr\/services\/tuccar-ihracatci-hizmetleri\/#breadcrumb\",\"itemListElement\":[{\"@type\":\"ListItem\",\"position\":1,\"name\":\"Home\",\"item\":\"https:\/\/kaleglobalas.com\/tr\/\"},{\"@type\":\"ListItem\",\"position\":2,\"name\":\"SERVICES\",\"item\":\"https:\/\/kaleglobalas.com\/tr\/services\/\"},{\"@type\":\"ListItem\",\"position\":3,\"name\":\"T\u00fcccar \u0130hracat\u00e7\u0131 Hizmetleri\"}]},{\"@type\":\"WebSite\",\"@id\":\"https:\/\/kaleglobalas.com\/tr\/#website\",\"url\":\"https:\/\/kaleglobalas.com\/tr\/\",\"name\":\"KALE GLOBAL A.\u015e | \u0130THALAT - \u0130HRACAT - YATIRIM |\",\"description\":\"\",\"potentialAction\":[{\"@type\":\"SearchAction\",\"target\":{\"@type\":\"EntryPoint\",\"urlTemplate\":\"https:\/\/kaleglobalas.com\/tr\/?s={search_term_string}\"},\"query-input\":{\"@type\":\"PropertyValueSpecification\",\"valueRequired\":true,\"valueName\":\"search_term_string\"}}],\"inLanguage\":\"en-US\"}]}<\/script>\n<!-- \/ Yoast SEO plugin. -->","yoast_head_json":{"title":"KALE GLOBAL A.\u015e | \u0130THALAT - \u0130HRACAT - YATIRIM | - T\u00fcccar \u0130hracat\u00e7\u0131 Hizmetleri","robots":{"index":"index","follow":"follow","max-snippet":"max-snippet:-1","max-image-preview":"max-image-preview:large","max-video-preview":"max-video-preview:-1"},"canonical":"https:\/\/kaleglobalas.com\/tr\/services\/tuccar-ihracatci-hizmetleri\/","og_locale":"en_US","og_type":"article","og_title":"KALE GLOBAL A.\u015e | \u0130THALAT - \u0130HRACAT - YATIRIM | - T\u00fcccar \u0130hracat\u00e7\u0131 Hizmetleri","og_description":"H\u0130ZMETLER T\u00fcccar \u0130hracat\u00e7\u0131 H\u0130ZMETLER\u0130 H\u0130ZMETLER T\u00fcccar \u0130hracat\u00e7\u0131 H\u0130ZMETLER\u0130 H\u0130ZMETLER T\u00fcccar \u0130hracat\u00e7\u0131 H\u0130ZMETLER\u0130 T\u00fcccar \u0130hracat\u00e7\u0131 HizmetiKale Global, yurti\u00e7i ve yurtd\u0131\u015f\u0131 \u00fclkeler aras\u0131nda kaliteli \u00fcr\u00fcn tedarikini kolayla\u015ft\u0131rmak i\u00e7in g\u00fcvenli bir platform sunuyor. Bir ithalat ihracat \u015firketi olarak, k\u00fcresel d\u00fczeyde emtia tedarikine ihtiya\u00e7 duyan ihracat\u00e7\u0131lara ve ithalat\u00e7\u0131lara s\u00fcrd\u00fcr\u00fclebilir hizmetler sunmaktad\u0131r. Uluslararas\u0131 ticarette g\u00fc\u00e7l\u00fc bir k\u00fcresel varl\u0131k olu\u015fturmak isteyen [&hellip;]","og_url":"https:\/\/kaleglobalas.com\/tr\/services\/tuccar-ihracatci-hizmetleri\/","og_site_name":"KALE GLOBAL A.\u015e | \u0130THALAT - \u0130HRACAT - YATIRIM |","article_modified_time":"2025-03-20T19:54:40+00:00","twitter_card":"summary_large_image","twitter_misc":{"Est. reading time":"3 minutes"},"schema":{"@context":"https:\/\/schema.org","@graph":[{"@type":"WebPage","@id":"https:\/\/kaleglobalas.com\/tr\/services\/tuccar-ihracatci-hizmetleri\/","url":"https:\/\/kaleglobalas.com\/tr\/services\/tuccar-ihracatci-hizmetleri\/","name":"KALE GLOBAL A.\u015e | \u0130THALAT - \u0130HRACAT - YATIRIM | - T\u00fcccar \u0130hracat\u00e7\u0131 Hizmetleri","isPartOf":{"@id":"https:\/\/kaleglobalas.com\/tr\/#website"},"datePublished":"2025-03-20T19:52:23+00:00","dateModified":"2025-03-20T19:54:40+00:00","breadcrumb":{"@id":"https:\/\/kaleglobalas.com\/tr\/services\/tuccar-ihracatci-hizmetleri\/#breadcrumb"},"inLanguage":"en-US","potentialAction":[{"@type":"ReadAction","target":["https:\/\/kaleglobalas.com\/tr\/services\/tuccar-ihracatci-hizmetleri\/"]}]},{"@type":"BreadcrumbList","@id":"https:\/\/kaleglobalas.com\/tr\/services\/tuccar-ihracatci-hizmetleri\/#breadcrumb","itemListElement":[{"@type":"ListItem","position":1,"name":"Home","item":"https:\/\/kaleglobalas.com\/tr\/"},{"@type":"ListItem","position":2,"name":"SERVICES","item":"https:\/\/kaleglobalas.com\/tr\/services\/"},{"@type":"ListItem","position":3,"name":"T\u00fcccar \u0130hracat\u00e7\u0131 Hizmetleri"}]},{"@type":"WebSite","@id":"https:\/\/kaleglobalas.com\/tr\/#website","url":"https:\/\/kaleglobalas.com\/tr\/","name":"KALE GLOBAL A.\u015e | \u0130THALAT - \u0130HRACAT - YATIRIM |","description":"","potentialAction":[{"@type":"SearchAction","target":{"@type":"EntryPoint","urlTemplate":"https:\/\/kaleglobalas.com\/tr\/?s={search_term_string}"},"query-input":{"@type":"PropertyValueSpecification","valueRequired":true,"valueName":"search_term_string"}}],"inLanguage":"en-US"}]}},"_links":{"self":[{"href":"https:\/\/kaleglobalas.com\/tr\/wp-json\/wp\/v2\/pages\/2758","targetHints":{"allow":["GET"]}}],"collection":[{"href":"https:\/\/kaleglobalas.com\/tr\/wp-json\/wp\/v2\/pages"}],"about":[{"href":"https:\/\/kaleglobalas.com\/tr\/wp-json\/wp\/v2\/types\/page"}],"author":[{"embeddable":true,"href":"https:\/\/kaleglobalas.com\/tr\/wp-json\/wp\/v2\/users\/2"}],"replies":[{"embeddable":true,"href":"https:\/\/kaleglobalas.com\/tr\/wp-json\/wp\/v2\/comments?post=2758"}],"version-history":[{"count":3,"href":"https:\/\/kaleglobalas.com\/tr\/wp-json\/wp\/v2\/pages\/2758\/revisions"}],"predecessor-version":[{"id":2761,"href":"https:\/\/kaleglobalas.com\/tr\/wp-json\/wp\/v2\/pages\/2758\/revisions\/2761"}],"up":[{"embeddable":true,"href":"https:\/\/kaleglobalas.com\/tr\/wp-json\/wp\/v2\/pages\/163"}],"wp:attachment":[{"href":"https:\/\/kaleglobalas.com\/tr\/wp-json\/wp\/v2\/media?parent=2758"}],"curies":[{"name":"wp","href":"https:\/\/api.w.org\/{rel}","templated":true}]}}